{"id":908,"date":"2022-04-26T10:14:19","date_gmt":"2022-04-26T10:14:19","guid":{"rendered":"http:\/\/wordpress.webmatica.es\/index.php\/brite\/"},"modified":"2025-02-24T15:36:53","modified_gmt":"2025-02-24T15:36:53","slug":"brite","status":"publish","type":"page","link":"https:\/\/webmatica.es\/","title":{"rendered":"Inicio"},"content":{"rendered":"<div data-colibri-id=\"908-c1\" class=\"style-186 style-local-908-c1 position-relative\">\n  <!---->\n  <div data-colibri-component=\"section\" data-colibri-id=\"908-c2\" id=\"overlappable\" class=\"h-section h-section-global-spacing d-flex align-items-lg-center align-items-md-center align-items-center style-187 style-local-908-c2 position-relative\">\n    <!---->\n    <!---->\n    <div class=\"h-section-grid-container h-section-boxed-container\">\n      <!---->\n      <div data-colibri-id=\"908-c3\" class=\"h-row-container gutters-row-lg-0 gutters-row-md-0 gutters-row-2 gutters-row-v-lg-0 gutters-row-v-md-0 gutters-row-v-2 style-188 style-local-908-c3 position-relative\">\n        <!---->\n        <div class=\"h-row justify-content-lg-center justify-content-md-center justify-content-center align-items-lg-stretch align-items-md-stretch align-items-stretch gutters-col-lg-0 gutters-col-md-0 gutters-col-2 gutters-col-v-lg-0 gutters-col-v-md-0 gutters-col-v-2\">\n          <!---->\n          <div class=\"h-column h-column-container d-flex h-col-lg-auto h-col-md-auto h-col-auto style-189-outer style-local-908-c4-outer\">\n            <div data-colibri-id=\"908-c4\" class=\"d-flex h-flex-basis h-column__inner h-px-lg-0 h-px-md-0 h-px-0 v-inner-lg-0 v-inner-md-0 v-inner-0 style-189 style-local-908-c4 h-overflow-hidden position-relative\">\n              <!---->\n              <!---->\n              <div class=\"w-100 h-y-container h-column__content h-column__v-align flex-basis-100 align-self-lg-start align-self-md-start align-self-start\">\n                <!---->\n                <div data-colibri-id=\"908-c5\" class=\"h-row-container gutters-row-lg-0 gutters-row-md-0 gutters-row-0 gutters-row-v-lg-0 gutters-row-v-md-0 gutters-row-v-0 style-190 style-local-908-c5 position-relative\">\n                  <!---->\n                  <div class=\"h-row justify-content-lg-center justify-content-md-center justify-content-center align-items-lg-stretch align-items-md-stretch align-items-stretch gutters-col-lg-0 gutters-col-md-0 gutters-col-0 gutters-col-v-lg-0 gutters-col-v-md-0 gutters-col-v-0\">\n                    <!---->\n                    <div class=\"h-column h-column-container d-flex h-col-lg-3 h-col-md-6 h-col-12 style-191-outer style-local-908-c6-outer\">\n                      <div data-colibri-id=\"908-c6\" class=\"d-flex h-flex-basis h-column__inner h-px-lg-3 h-px-md-3 h-px-3 v-inner-lg-3 v-inner-md-3 v-inner-3 style-191 style-local-908-c6 position-relative\">\n                        <!---->\n                        <!---->\n                        <div class=\"w-100 h-y-container h-column__content h-column__v-align flex-basis-100 align-self-lg-start align-self-md-start align-self-start\">\n                          <!---->\n                          <div data-colibri-id=\"908-c7\" class=\"h-icon style-192 style-local-908-c7 position-relative h-element\">\n                            <!----><span class=\"h-svg-icon h-icon__icon style-192-icon style-local-908-c7-icon\"><!--Icon by Font Awesome (https:\/\/fontawesome.com)-->\n    <svg version=\"1.1\" xmlns=\"http:\/\/www.w3.org\/2000\/svg\" xmlns:xlink=\"http:\/\/www.w3.org\/1999\/xlink\" id=\"paperclip\" viewBox=\"0 0 1416.5353 1896.0833\">\n      <path d=\"M1404 1385q0 117-79 196t-196 79q-135 0-235-100L117 784Q4 669 4 513q0-159 110-270t269-111q158 0 273 113l605 606q10 10 10 22 0 16-30.5 46.5T1194 950q-13 0-23-10L565 333q-79-77-181-77-106 0-179 75t-73 181q0 105 76 181l776 777q63 63 145 63 64 0 106-42t42-106q0-82-63-145L633 659q-26-24-60-24-29 0-48 19t-19 48q0 32 25 59l410 410q10 10 10 22 0 16-31 47t-47 31q-12 0-22-10L441 851q-63-61-63-149 0-82 57-139t139-57q88 0 149 63l581 581q100 98 100 235z\"><\/path>\n    <\/svg><\/span><\/div>\n                          <div data-colibri-id=\"908-c8\" class=\"h-global-transition-all h-heading style-193 style-local-908-c8 position-relative h-element\">\n                            <!---->\n                            <div class=\"h-heading__outer style-193 style-local-908-c8\">\n                              <!---->\n                              <!---->\n                              <h4 class=\"\">Material de Oficina<\/h4>\n                            <\/div>\n                          <\/div>\n                          <div data-colibri-id=\"908-c9\" class=\"h-text h-text-component style-194 style-local-908-c9 position-relative h-element\">\n                            <!---->\n                            <!---->\n                            <div class=\"\">\n                              <p>Amplio cat\u00e1logo de material de oficina con las mejores marcas. Equipamiento de oficina. Entrega a domicilio.\n                                <br>\n                              <\/p>\n                            <\/div>\n                          <\/div>\n                          <div data-colibri-id=\"908-c10\" class=\"h-x-container style-195 style-local-908-c10 position-relative h-element\">\n                            <!---->\n                            <div class=\"h-x-container-inner style-dynamic-908-c10-group style-195-spacing style-local-908-c10-spacing\"><span class=\"h-button__outer style-196-outer style-local-908-c11-outer d-inline-flex h-element\"><a h-use-smooth-scroll=\"true\" href=\"https:\/\/webmatica.es\/index.php\/material-de-oficina\/?customize_changeset_uuid=3332ccdc-f294-4116-ad69-2ef532d73adb\" target=\"_blank\"  data-colibri-id=\"908-c11\" class=\"d-flex w-100 align-items-center h-button justify-content-lg-center justify-content-md-center justify-content-center style-196 style-local-908-c11 position-relative\"><!----><!----> <span>Saber M\u00e1s<\/span><\/a>\n                              <\/span>\n                            <\/div>\n                          <\/div>\n                        <\/div>\n                      <\/div>\n                    <\/div>\n                    <div class=\"h-column h-column-container d-flex h-col-lg-3 h-col-md-6 h-col-12 style-191-outer style-local-908-c12-outer\">\n                      <div data-colibri-id=\"908-c12\" class=\"d-flex h-flex-basis h-column__inner h-px-lg-3 h-px-md-3 h-px-3 v-inner-lg-3 v-inner-md-3 v-inner-3 style-191 style-local-908-c12 position-relative\">\n                        <!---->\n                        <!---->\n                        <div class=\"w-100 h-y-container h-column__content h-column__v-align flex-basis-100 align-self-lg-start align-self-md-start align-self-start\">\n                          <!---->\n                          <div data-colibri-id=\"908-c13\" class=\"h-icon style-197 style-local-908-c13 position-relative h-element\">\n                            <!----><span class=\"h-svg-icon h-icon__icon style-197-icon style-local-908-c13-icon\"><!--Icon by Font Awesome (https:\/\/fontawesome.com)-->\n    <svg version=\"1.1\" xmlns=\"http:\/\/www.w3.org\/2000\/svg\" xmlns:xlink=\"http:\/\/www.w3.org\/1999\/xlink\" id=\"cloud\" viewBox=\"0 0 1920 1896.0833\">\n      <path d=\"M1920 1152q0 159-112.5 271.5T1536 1536H448q-185 0-316.5-131.5T0 1088q0-132 71-241.5T258 683q-2-28-2-43 0-212 150-362t362-150q158 0 286.5 88T1242 446q70-62 166-62 106 0 181 75t75 181q0 75-41 138 129 30 213 134.5t84 239.5z\"><\/path>\n    <\/svg><\/span><\/div>\n                          <div data-colibri-id=\"908-c14\" class=\"h-global-transition-all h-heading style-193 style-local-908-c14 position-relative h-element\">\n                            <!---->\n                            <div class=\"h-heading__outer style-193 style-local-908-c14\">\n                              <!---->\n                              <!---->\n                              <h4 class=\"\">Empresas<\/h4>\n                            <\/div>\n                          <\/div>\n                          <div data-colibri-id=\"908-c15\" class=\"h-text h-text-component style-194 style-local-908-c15 position-relative h-element\">\n                            <!---->\n                            <!---->\n                            <div class=\"\">\n                              <p>Mantenimiento&nbsp;inform\u00e1tico integral adecuado a las necesidades de tu empresa.\n                                <br>\n                              <\/p>\n                            <\/div>\n                          <\/div>\n                          <div data-colibri-id=\"908-c16\" class=\"h-x-container style-195 style-local-908-c16 position-relative h-element\">\n                            <!---->\n                            <div class=\"h-x-container-inner style-dynamic-908-c16-group style-195-spacing style-local-908-c16-spacing\"><span class=\"h-button__outer style-198-outer style-local-908-c17-outer d-inline-flex h-element\"><a h-use-smooth-scroll=\"true\" href=\"\"  data-colibri-id=\"908-c17\" class=\"d-flex w-100 align-items-center h-button justify-content-lg-center justify-content-md-center justify-content-center style-198 style-local-908-c17 position-relative\"><!----><!----> <span>Saber M\u00e1s<\/span><\/a>\n                              <\/span>\n                            <\/div>\n                          <\/div>\n                        <\/div>\n                      <\/div>\n                    <\/div>\n                    <div class=\"h-column h-column-container d-flex h-col-lg-3 h-col-md-6 h-col-12 style-191-outer style-local-908-c18-outer\">\n                      <div data-colibri-id=\"908-c18\" class=\"d-flex h-flex-basis h-column__inner h-px-lg-3 h-px-md-3 h-px-3 v-inner-lg-3 v-inner-md-3 v-inner-3 style-191 style-local-908-c18 position-relative\">\n                        <!---->\n                        <!---->\n                        <div class=\"w-100 h-y-container h-column__content h-column__v-align flex-basis-100 align-self-lg-start align-self-md-start align-self-start\">\n                          <!---->\n                          <div data-colibri-id=\"908-c19\" class=\"h-icon style-199 style-local-908-c19 position-relative h-element\">\n                            <!----><span class=\"h-svg-icon h-icon__icon style-199-icon style-local-908-c19-icon\"><!--Icon by Font Awesome (https:\/\/fontawesome.com)-->\n    <svg version=\"1.1\" xmlns=\"http:\/\/www.w3.org\/2000\/svg\" xmlns:xlink=\"http:\/\/www.w3.org\/1999\/xlink\" id=\"home\" viewBox=\"0 0 1664 1896.0833\">\n      <path d=\"M1408 992v480q0 26-19 45t-45 19H960v-384H704v384H320q-26 0-45-19t-19-45V992q0-1 .5-3t.5-3l575-474 575 474q1 2 1 6zm223-69l-62 74q-8 9-21 11h-3q-13 0-21-7L832 424l-692 577q-12 8-24 7-13-2-21-11l-62-74q-8-10-7-23.5T37 878l719-599q32-26 76-26t76 26l244 204V288q0-14 9-23t23-9h192q14 0 23 9t9 23v408l219 182q10 8 11 21.5t-7 23.5z\"><\/path>\n    <\/svg><\/span><\/div>\n                          <div data-colibri-id=\"908-c20\" class=\"h-global-transition-all h-heading style-193 style-local-908-c20 position-relative h-element\">\n                            <!---->\n                            <div class=\"h-heading__outer style-193 style-local-908-c20\">\n                              <!---->\n                              <!---->\n                              <h4 class=\"\">Particulares<\/h4>\n                            <\/div>\n                          <\/div>\n                          <div data-colibri-id=\"908-c21\" class=\"h-text h-text-component style-194 style-local-908-c21 position-relative h-element\">\n                            <!---->\n                            <!---->\n                            <div class=\"\">\n                              <p>Venta y reparaci\u00f3n de equipos inform\u00e1ticos, impresoras, moviles, tablets, &#8230;\n                                <br>\n                              <\/p>\n                            <\/div>\n                          <\/div>\n                          <div data-colibri-id=\"908-c22\" class=\"h-x-container style-195 style-local-908-c22 position-relative h-element\">\n                            <!---->\n                            <div class=\"h-x-container-inner style-dynamic-908-c22-group style-195-spacing style-local-908-c22-spacing\"><span class=\"h-button__outer style-200-outer style-local-908-c23-outer d-inline-flex h-element\"><a h-use-smooth-scroll=\"true\" href=\"\"  data-colibri-id=\"908-c23\" class=\"d-flex w-100 align-items-center h-button justify-content-lg-center justify-content-md-center justify-content-center style-200 style-local-908-c23 position-relative\"><!----><!----> <span>Saber M\u00e1s<\/span><\/a>\n                              <\/span>\n                            <\/div>\n                          <\/div>\n                        <\/div>\n                      <\/div>\n                    <\/div>\n                    <div class=\"h-column h-column-container d-flex h-col-lg-3 h-col-md-6 h-col-12 style-191-outer style-local-908-c24-outer\">\n                      <div data-colibri-id=\"908-c24\" class=\"d-flex h-flex-basis h-column__inner h-px-lg-3 h-px-md-3 h-px-3 v-inner-lg-3 v-inner-md-3 v-inner-3 style-191 style-local-908-c24 position-relative\">\n                        <!---->\n                        <!---->\n                        <div class=\"w-100 h-y-container h-column__content h-column__v-align flex-basis-100 align-self-lg-start align-self-md-start align-self-start\">\n                          <!---->\n                          <div data-colibri-id=\"908-c25\" class=\"h-icon style-201 style-local-908-c25 position-relative h-element\">\n                            <!----><span class=\"h-svg-icon h-icon__icon style-201-icon style-local-908-c25-icon\"><!--Icon by Font Awesome (https:\/\/fontawesome.com)-->\n    <svg version=\"1.1\" xmlns=\"http:\/\/www.w3.org\/2000\/svg\" xmlns:xlink=\"http:\/\/www.w3.org\/1999\/xlink\" id=\"warning\" viewBox=\"0 0 1792 1896.0833\">\n      <path d=\"M1024 1375v-190q0-14-9.5-23.5T992 1152H800q-13 0-22.5 9.5T768 1185v190q0 14 9.5 23.5t22.5 9.5h192q13 0 22.5-9.5t9.5-23.5zm-2-374l18-459q0-12-10-19-13-11-24-11H786q-11 0-24 11-10 7-10 21l17 457q0 10 10 16.5t24 6.5h185q14 0 23.5-6.5t10.5-16.5zm-14-934l768 1408q35 63-2 126-17 29-46.5 46t-63.5 17H128q-34 0-63.5-17T18 1601q-37-63-2-126L784 67q17-31 47-49t65-18 65 18 47 49z\"><\/path>\n    <\/svg><\/span><\/div>\n                          <div data-colibri-id=\"908-c26\" class=\"h-global-transition-all h-heading style-193 style-local-908-c26 position-relative h-element\">\n                            <!---->\n                            <div class=\"h-heading__outer style-193 style-local-908-c26\">\n                              <!---->\n                              <!---->\n                              <h4 class=\"\">Altas Telefon\u00eda y Fibra<\/h4>\n                            <\/div>\n                          <\/div>\n                          <div data-colibri-id=\"908-c27\" class=\"h-text h-text-component style-194 style-local-908-c27 position-relative h-element\">\n                            <!---->\n                            <!---->\n                            <div class=\"\">\n                              <p>Contrata tu tarifa de fibra, movil o movil prepago en webmatica. Te asesoramos con la mejor oferta. Knet, Digimovil, MasMovil, Movistar, &#8230;.<\/p>\n                            <\/div>\n                          <\/div>\n                          <div data-colibri-id=\"908-c28\" class=\"h-x-container style-195 style-local-908-c28 position-relative h-element\">\n                            <!---->\n                            <div class=\"h-x-container-inner style-dynamic-908-c28-group style-195-spacing style-local-908-c28-spacing\"><span class=\"h-button__outer style-202-outer style-local-908-c29-outer d-inline-flex h-element\"><a h-use-smooth-scroll=\"true\" href=\"https:\/\/webmatica.es\/index.php\/altas-telefonia-y-fibra\/\" target=\"_blank\"  data-colibri-id=\"908-c29\" class=\"d-flex w-100 align-items-center h-button justify-content-lg-center justify-content-md-center justify-content-center style-202 style-local-908-c29 position-relative\"><!----><!----> <span>Saber M\u00e1s<\/span><\/a>\n                              <\/span>\n                            <\/div>\n                          <\/div>\n                        <\/div>\n                      <\/div>\n                    <\/div>\n                  <\/div>\n                <\/div>\n              <\/div>\n            <\/div>\n          <\/div>\n        <\/div>\n      <\/div>\n    <\/div>\n  <\/div>\n  <div data-colibri-component=\"section\" data-colibri-id=\"908-c30\" id=\"about\" class=\"h-section h-section-global-spacing d-flex align-items-lg-center align-items-md-center align-items-center style-203 style-local-908-c30 position-relative\">\n    <!---->\n    <!---->\n    <div class=\"h-section-grid-container h-section-fluid-container\">\n      <div data-colibri-id=\"908-c38\" class=\"h-row-container gutters-row-lg-2 gutters-row-md-2 gutters-row-2 gutters-row-v-lg-2 gutters-row-v-md-2 gutters-row-v-2 style-211 style-local-908-c38 position-relative\">\n        <!---->\n        <div class=\"h-row justify-content-lg-center justify-content-md-center justify-content-center align-items-lg-stretch align-items-md-stretch align-items-stretch gutters-col-lg-2 gutters-col-md-2 gutters-col-2 gutters-col-v-lg-2 gutters-col-v-md-2 gutters-col-v-2\">\n          <!---->\n          <div class=\"h-column h-column-container d-flex h-col-lg-auto h-col-md-auto h-col-auto style-212-outer style-local-908-c39-outer\">\n            <div data-colibri-id=\"908-c39\" class=\"d-flex h-flex-basis h-column__inner h-px-lg-2 h-px-md-2 h-px-2 v-inner-lg-2 v-inner-md-2 v-inner-2 style-212 style-local-908-c39 position-relative\">\n              <!---->\n              <!---->\n              <div class=\"w-100 h-y-container h-column__content h-column__v-align flex-basis-100 align-self-lg-start align-self-md-start align-self-start\">\n                <!---->\n                <div data-colibri-id=\"908-c40\" class=\"h-global-transition-all h-heading style-214 style-local-908-c40 position-relative h-element\">\n                  <!---->\n                  <div class=\"h-heading__outer style-214 style-local-908-c40\">\n                    <!---->\n                    <!---->\n                    <h2 class=\"\">\u00bfA que nos dedicamos?<\/h2>\n                  <\/div>\n                <\/div>\n                <div data-colibri-id=\"908-c41\" class=\"h-lead h-text h-text-component style-215 style-local-908-c41 position-relative h-element\">\n                  <!---->\n                  <!---->\n                  <div class=\"\">\n                    <p>Somos una empresa de servicios t\u00e9cnicos inform\u00e1ticos con tienda propia, dando soluciones tanto a empresa como a particulares en todos aquellas necesidades inform\u00e1ticas y tecnol\u00f3gicas que necesite. Adem\u00e1s ofrecemos una amplia gama de\n                      servicios en beneficio de nuestros clientes.\n                      <br>\n                    <\/p>\n                  <\/div>\n                <\/div>\n                <div data-colibri-id=\"908-c42\" class=\"h-global-transition-all h-heading style-390 style-local-908-c42 position-relative h-element\">\n                  <!---->\n                  <div class=\"h-heading__outer style-390 style-local-908-c42\">\n                    <!---->\n                    <!---->\n                    <h4 class=\"\">Adem\u00e1s somos punto de recogida de paqueter\u00eda (Mondial Relay (InPost), SEUR, CTT, Correos Express, Amazon, Wish)<\/h4>\n                  <\/div>\n                <\/div>\n                <div data-colibri-id=\"908-c43\" class=\"h-x-container style-216 style-local-908-c43 position-relative h-element\">\n                  <!---->\n                  <div class=\"h-x-container-inner style-dynamic-908-c43-group style-216-spacing style-local-908-c43-spacing\"><span class=\"h-button__outer style-217-outer style-local-908-c44-outer d-inline-flex h-element\"><a h-use-smooth-scroll=\"true\" href=\"http:\/\/webmatica.es\/index.php\/contactanos\/\"  data-colibri-id=\"908-c44\" class=\"d-flex w-100 align-items-center h-button justify-content-lg-center justify-content-md-center justify-content-center style-217 style-local-908-c44 position-relative\"><!----><!----> <span>Llama ahora<\/span><\/a>\n                    <\/span>\n                  <\/div>\n                <\/div>\n              <\/div>\n            <\/div>\n          <\/div>\n        <\/div>\n      <\/div>\n      <div data-colibri-id=\"908-c31\" class=\"h-row-container gutters-row-lg-0 gutters-row-md-0 gutters-row-0 gutters-row-v-lg-2 gutters-row-v-md-2 gutters-row-v-2 style-204 style-local-908-c31 position-relative\">\n        <!---->\n        <div class=\"h-row justify-content-lg-center justify-content-md-center justify-content-center align-items-lg-center align-items-md-center align-items-center gutters-col-lg-0 gutters-col-md-0 gutters-col-0 gutters-col-v-lg-2 gutters-col-v-md-2 gutters-col-v-2\">\n          <!---->\n          <div class=\"h-column h-column-container d-flex h-col-lg-auto h-col-md-auto h-col-auto align-self-lg-center align-self-md-center align-self-center style-205-outer style-local-908-c32-outer\">\n            <div data-colibri-id=\"908-c32\" class=\"d-flex h-flex-basis h-column__inner h-px-lg-0 h-px-md-0 h-px-0 v-inner-lg-0 v-inner-md-0 v-inner-0 style-205 style-local-908-c32 position-relative\">\n              <!---->\n              <!---->\n              <div class=\"w-100 h-y-container h-column__content h-column__v-align flex-basis-100 align-self-lg-start align-self-md-start align-self-start\">\n                <!---->\n                <div data-colibri-id=\"908-c33\" class=\"d-block style-206 style-local-908-c33 position-relative h-element\">\n                  <!---->\n                  <div class=\"h-image__frame-container-outer\">\n                    <div class=\"h-image__frame-container\">\n                      <!---->\n                      <!---->\n                      <img decoding=\"async\" src=\"http:\/\/wordpress.webmatica.es\/wp-content\/uploads\/2022\/04\/cropped-background-black-blank-composition-concept-desk-1562267-pxhere-com-1.jpg\" class=\"wp-image-1434 style-206-image style-local-908-c33-image\" alt=\"\" \/>\n                      <div class=\"h-image__frame h-hide-lg h-hide-md h-hide-sm style-206-frameImage style-local-908-c33-frameImage\"><\/div>\n                    <\/div>\n                  <\/div>\n                <\/div>\n              <\/div>\n            <\/div>\n          <\/div>\n          <div class=\"h-column h-column-container d-flex h-col-lg-auto h-col-md-auto h-col-auto align-self-lg-center align-self-md-center align-self-center style-207-outer style-local-908-c34-outer\">\n            <div data-colibri-id=\"908-c34\" class=\"d-flex h-flex-basis h-column__inner h-px-lg-0 h-px-md-0 h-px-0 v-inner-lg-0 v-inner-md-0 v-inner-0 style-207 style-local-908-c34 position-relative\">\n              <!---->\n              <!---->\n              <div class=\"w-100 h-y-container h-column__content h-column__v-align flex-basis-100 align-self-lg-start align-self-md-start align-self-start\">\n                <!---->\n                <div data-colibri-id=\"908-c35\" class=\"d-block style-208 style-local-908-c35 position-relative h-element\">\n                  <!---->\n                  <div class=\"h-image__frame-container-outer\">\n                    <div class=\"h-image__frame-container\">\n                      <!---->\n                      <!---->\n                      <img decoding=\"async\" src=\"http:\/\/wordpress.webmatica.es\/wp-content\/uploads\/2022\/04\/cropped-plant-white-leaf-spiral-staircase-spiral-staircase-123911-pxhere-com-1-1.jpg\" class=\"wp-image-1425 style-208-image style-local-908-c35-image\" alt=\"\" \/>\n                      <div class=\"h-image__frame h-hide-lg h-hide-md h-hide-sm style-208-frameImage style-local-908-c35-frameImage\"><\/div>\n                    <\/div>\n                  <\/div>\n                <\/div>\n              <\/div>\n            <\/div>\n          <\/div>\n          <div class=\"h-column h-column-container d-flex h-col-lg-auto h-col-md-auto h-col-auto align-self-lg-center align-self-md-center align-self-center style-209-outer style-local-908-c36-outer\">\n            <div data-colibri-id=\"908-c36\" class=\"d-flex h-flex-basis h-column__inner h-px-lg-0 h-px-md-0 h-px-0 v-inner-lg-0 v-inner-md-0 v-inner-0 style-209 style-local-908-c36 position-relative\">\n              <!---->\n              <!---->\n              <div class=\"w-100 h-y-container h-column__content h-column__v-align flex-basis-100 align-self-lg-start align-self-md-start align-self-start\">\n                <!---->\n                <div data-colibri-id=\"908-c37\" class=\"d-block style-210 style-local-908-c37 position-relative h-element\">\n                  <!---->\n                  <div class=\"h-image__frame-container-outer\">\n                    <div class=\"h-image__frame-container\">\n                      <!---->\n                      <!---->\n                      <img decoding=\"async\" src=\"http:\/\/wordpress.webmatica.es\/wp-content\/uploads\/2022\/04\/cropped-plant-white-leaf-flower-pot-green-1396607-pxhere-com-2.jpg\" class=\"wp-image-1435 style-210-image style-local-908-c37-image\" alt=\"\" \/>\n                      <div class=\"h-image__frame h-hide-lg h-hide-md h-hide-sm style-210-frameImage style-local-908-c37-frameImage\"><\/div>\n                    <\/div>\n                  <\/div>\n                <\/div>\n              <\/div>\n            <\/div>\n          <\/div>\n        <\/div>\n      <\/div>\n    <\/div>\n  <\/div>\n<\/div>","protected":false},"excerpt":{"rendered":"<p>Material de Oficina Amplio cat\u00e1logo de material de oficina con las mejores marcas. Equipamiento de oficina. Entrega a domicilio. Saber M\u00e1s Empresas Mantenimiento&nbsp;inform\u00e1tico integral adecuado a las necesidades de tu empresa. Saber M\u00e1s Particulares Venta y reparaci\u00f3n de equipos inform\u00e1ticos, impresoras, moviles, tablets, &#8230; Saber M\u00e1s Altas Telefon\u00eda y Fibra Contrata tu tarifa de fibra, [&hellip;]<\/p>\n","protected":false},"author":1,"featured_media":0,"parent":0,"menu_order":0,"comment_status":"closed","ping_status":"closed","template":"page-templates\/homepage.php","meta":{"om_disable_all_campaigns":false,"_monsterinsights_skip_tracking":false,"_monsterinsights_sitenote_active":false,"_monsterinsights_sitenote_note":"","_monsterinsights_sitenote_category":0,"footnotes":""},"class_list":["post-908","page","type-page","status-publish","hentry"],"aioseo_notices":[],"_links":{"self":[{"href":"https:\/\/webmatica.es\/index.php\/wp-json\/wp\/v2\/pages\/908","targetHints":{"allow":["GET"]}}],"collection":[{"href":"https:\/\/webmatica.es\/index.php\/wp-json\/wp\/v2\/pages"}],"about":[{"href":"https:\/\/webmatica.es\/index.php\/wp-json\/wp\/v2\/types\/page"}],"author":[{"embeddable":true,"href":"https:\/\/webmatica.es\/index.php\/wp-json\/wp\/v2\/users\/1"}],"replies":[{"embeddable":true,"href":"https:\/\/webmatica.es\/index.php\/wp-json\/wp\/v2\/comments?post=908"}],"version-history":[{"count":20,"href":"https:\/\/webmatica.es\/index.php\/wp-json\/wp\/v2\/pages\/908\/revisions"}],"predecessor-version":[{"id":3100,"href":"https:\/\/webmatica.es\/index.php\/wp-json\/wp\/v2\/pages\/908\/revisions\/3100"}],"wp:attachment":[{"href":"https:\/\/webmatica.es\/index.php\/wp-json\/wp\/v2\/media?parent=908"}],"curies":[{"name":"wp","href":"https:\/\/api.w.org\/{rel}","templated":true}]}}